{"id":5167,"date":"2017-03-14T13:26:53","date_gmt":"2017-03-14T13:26:53","guid":{"rendered":"https:\/\/wesolesmyki.pl\/przedszkole-goleniow\/\/?page_id=5167"},"modified":"2018-10-26T09:31:45","modified_gmt":"2018-10-26T09:31:45","slug":"grupy","status":"publish","type":"page","link":"https:\/\/wesolesmyki.pl\/przedszkole-goleniow\/grupy\/","title":{"rendered":"Grupy"},"content":{"rendered":"<div class='grid_row clearfix'><div class='grid_col grid_col_12'><div class='ce clearfix'><h3 class=\"ce_title\"><div>Nasze Grupy<\/div><\/h3><div>\n<h3>W Przedszkolu WESO\u0141E SMYKI prowadzone b\u0119d\u0105&nbsp;cztery grupy &nbsp;wiekowe:<\/h3>\n<p>&nbsp;<\/p>\n<\/div><\/div><\/div><\/div><div class='grid_row clearfix'><div class='grid_col grid_col_6'><div class='ce clearfix'><div>\n<p><strong>I Grupa: \u00a0<\/strong>dzieci w wieku 2,5 -3 lat <mark style='color:#ffffff;background-color:#26b4d7;'>\u201eSpryciarze\u201d<\/mark>\n<\/div><\/div><div class='ce clearfix'><div>\n<p><strong>III\u00a0Grupa: \u00a0<\/strong>dzieci w wieku\u00a04 lat <mark style='color:#ffffff;background-color:#26b4d7;'>\u201eBystrzaki\u201d<\/mark>\n<\/div><\/div><\/div><div class='grid_col grid_col_6'><div class='ce clearfix'><div>\n<p><strong>II Grupa:\u00a0<\/strong>dzieci w wieku 3-4\u00a0 lat <mark style='color:#ffffff;background-color:#fd8e00;'>\u201eTropiciele\u201d<\/mark>\n<\/div><\/div><div class='ce clearfix'><div>\n<p><strong>IV Grupa:\u00a0<\/strong>dzieci w wieku 5 \u00a0lat <mark style='color:#ffffff;background-color:#fd8e00;'>\u201eMali Odkrywcy\u201d<\/mark>\n<\/div><\/div><\/div><\/div>\n","protected":false},"excerpt":{"rendered":"","protected":false},"author":1,"featured_media":0,"parent":0,"menu_order":0,"comment_status":"closed","ping_status":"closed","template":"","meta":[],"_links":{"self":[{"href":"https:\/\/wesolesmyki.pl\/przedszkole-goleniow\/wp-json\/wp\/v2\/pages\/5167"}],"collection":[{"href":"https:\/\/wesolesmyki.pl\/przedszkole-goleniow\/wp-json\/wp\/v2\/pages"}],"about":[{"href":"https:\/\/wesolesmyki.pl\/przedszkole-goleniow\/wp-json\/wp\/v2\/types\/page"}],"author":[{"embeddable":true,"href":"https:\/\/wesolesmyki.pl\/przedszkole-goleniow\/wp-json\/wp\/v2\/users\/1"}],"replies":[{"embeddable":true,"href":"https:\/\/wesolesmyki.pl\/przedszkole-goleniow\/wp-json\/wp\/v2\/comments?post=5167"}],"version-history":[{"count":0,"href":"https:\/\/wesolesmyki.pl\/przedszkole-goleniow\/wp-json\/wp\/v2\/pages\/5167\/revisions"}],"wp:attachment":[{"href":"https:\/\/wesolesmyki.pl\/przedszkole-goleniow\/wp-json\/wp\/v2\/media?parent=5167"}],"curies":[{"name":"wp","href":"https:\/\/api.w.org\/{rel}","templated":true}]}}