{"id":5164,"date":"2017-03-14T13:26:06","date_gmt":"2017-03-14T13:26:06","guid":{"rendered":"https:\/\/wesolesmyki.pl\/przedszkole-goleniow\/\/?page_id=5164"},"modified":"2017-03-15T21:03:53","modified_gmt":"2017-03-15T21:03:53","slug":"plan-dnia","status":"publish","type":"page","link":"https:\/\/wesolesmyki.pl\/przedszkole-goleniow\/plan-dnia\/","title":{"rendered":"Plan Dnia"},"content":{"rendered":"<div class='grid_row clearfix'><div class='grid_col grid_col_12'><div class='ce clearfix'><h3 class=\"ce_title\"><div>Plan Dnia<\/div><\/h3><div>\n<div class='cws_msg_box info-box clearfix'><div class='icon_section'><i class='fa fa-info' ><\/i><\/div><div class='content_section'><div class=\"msg_box_title\">6:30 \u2013 8:30 Witajcie dzieci!<\/div><div class=\"msg_box_text\">Przychodzenie dzieci do przedszkola. Czynno\u015bci opieku\u0144cze, porz\u0105dkowe i organizacyjne. Konsultacje indywidualne z rodzicami. Zabawy swobodne, spontaniczne. Indywidualna praca z dzie\u0107mi. Wspieranie rozwoju dziecka poprzez r\u00f3\u017cnorodne zabawy i \u0107wiczenia prowadzone pod kierunkiem nauczyciela, w tym obowi\u0105zkowe zabawy ruchowe lub \u0107wiczenia poranne o wielostronnym ruchu.<\/div><\/div><\/div>\n<div class='cws_msg_box error-box clearfix'><div class='icon_section'><i class='fa fa-exclamation' ><\/i><\/div><div class='content_section'><div class=\"msg_box_title\">8:30 \u2013 9:00 Burcz\u0105 brzuszki, burcz\u0105 brzuszki, przecie\u017c g\u0142odne s\u0105 maluszki<\/div><div class=\"msg_box_text\">Przygotowanie do \u015bniadania, zabiegi higieniczne, czynno\u015bci samoobs\u0142ugowe. Wdra\u017canie zasad higieny i kulturalnego zachowania podczas spo\u017cywania posi\u0142ku. Zachowanie porz\u0105dku wok\u00f3\u0142 siebie, zachowanie prawid\u0142owej postawy przy stole. Czynno\u015bci porz\u0105dkowe i higieniczne po zako\u0144czeniu \u015bniadania.<\/div><\/div><\/div>\n<div class='cws_msg_box warning-box clearfix'><div class='icon_section'><i class='fa fa-bolt' ><\/i><\/div><div class='content_section'><div class=\"msg_box_title\">9:00 \u2013 10:00 Czary mary, nie do wiary<\/div><div class=\"msg_box_text\">Zaj\u0119cia programowe, realizowanie zada\u0144 edukacyjnych \u2013 zaj\u0119cia organizowane, inspirowane i prowadzone przez nauczyciela, gry i zabawy ruchowe, obserwacje przyrodnicze. (Przy \u0142adnej pogodzie cz\u0119\u015b\u0107 zaj\u0119\u0107 prowadzona na dworze)<\/div><\/div><\/div>\n<div class='cws_msg_box success-box clearfix'><div class='icon_section'><i class='fa fa-thumbs-up' ><\/i><\/div><div class='content_section'><div class=\"msg_box_title\">10:00 \u2013 11:30 Co w trawie piszczy\u2026<\/div><div class=\"msg_box_text\">Przygotowanie do wyj\u015bcia na dw\u00f3r, opanowanie umiej\u0119tno\u015bci zwi\u0105zanych z samodzielnym ubieraniem si\u0119. Pobyt w ogrodzie przedszkolnym \u2013 gry i zabawy ruchowe, obserwacje przyrodnicze. Wycieczki lub spacery. W przypadku bardzo brzydkiej pogody gry i zabawy organizowane w sali , inspirowane g\u0142\u00f3wnie przez dzieci.<\/div><\/div><\/div>\n<\/div><\/div><div class='ce clearfix'><div>\n<div class='cws_msg_box info-box clearfix closable' style='background-color:#3eb2cf'><div class='icon_section'><i class='fa fa-diamond'  style='color:#3eb2cf'><\/i><\/div><div class='content_section'><div class=\"msg_box_title\">11:30- 11:50 Do przedszkola wraca\u0107 czas gdy\u017c na zup\u0119 przyszed\u0142 czas<\/div><div class=\"msg_box_text\">Wracamy z dworu. Czynno\u015bci samoobs\u0142ugowe i higieniczne przygotowuj\u0105ce do spo\u017cywania pierwszego dania.<\/div><\/div><div class='cls_btn'><\/div><\/div>\n<div class='cws_msg_box info-box clearfix closable' style='background-color:#4bb723'><div class='icon_section'><i class='fa fa-sun-o'  style='color:#4bb723'><\/i><\/div><div class='content_section'><div class=\"msg_box_title\">11:50-12:10 Jemy zup\u0119<\/div><div class=\"msg_box_text\">Wdra\u017canie zasad higieny i kulturalnego zachowania podczas spo\u017cywania posi\u0142ku. Zachowanie porz\u0105dku wok&oacute;\u0142 siebie, zachowanie prawid\u0142owej postawy przy stole. Czynno\u015bci porz\u0105dkowe i higieniczne po zako\u0144czeniu jedzenia.<\/div><\/div><div class='cls_btn'><\/div><\/div>\n<div class='cws_msg_box info-box clearfix closable' style='background-color:#ff4c7c'><div class='icon_section'><i class='fa fa-heart'  style='color:#ff4c7c'><\/i><\/div><div class='content_section'><div class=\"msg_box_title\">12:10 &ndash; 13:20 AAA kotki dwa<\/div><div class=\"msg_box_text\">A teraz odpoczywamy. Zaj\u0119cia relaksacyjne, wyciszaj\u0105ce, s\u0142uchanie muzyki i bajek, odpoczynek na le\u017caczku lub sen.<\/div><\/div><div class='cls_btn'><\/div><\/div>\n<div class='cws_msg_box info-box clearfix closable' style='background-color:#3eb2cf'><div class='icon_section'><i class='fa fa-diamond'  style='color:#3eb2cf'><\/i><\/div><div class='content_section'><div class=\"msg_box_title\">13:10-13:30 Koniec leniuchowania<\/div><div class=\"msg_box_text\">Nauka samodzielnego ubierania si\u0119. Czynno\u015bci samoobs\u0142ugowe i higieniczne przygotowuj\u0105ce do posi\u0142ku. <\/div><\/div><div class='cls_btn'><\/div><\/div>\n<div class='cws_msg_box info-box clearfix closable' style='background-color:#4bb723'><div class='icon_section'><i class='fa fa-sun-o'  style='color:#4bb723'><\/i><\/div><div class='content_section'><div class=\"msg_box_title\">13:30 &ndash; 14:00 Smacznego!<\/div><div class=\"msg_box_text\">Jemy sobie drugie danie. Kszta\u0142towanie dobrych manier przy jedzeniu oraz umiej\u0119tno\u015bci podawania do sto\u0142u i pos\u0142ugiwania si\u0119 sztu\u0107cami, czynno\u015bci porz\u0105dkowe i higieniczne po posi\u0142ku.<\/div><\/div><div class='cls_btn'><\/div><\/div>\n<div class='cws_msg_box info-box clearfix closable' style='background-color:#ff4c7c'><div class='icon_section'><i class='fa fa-heart'  style='color:#ff4c7c'><\/i><\/div><div class='content_section'><div class=\"msg_box_title\">14:00 &ndash; 15:00 \u015awietnie si\u0119 bawimy i uczymy<\/div><div class=\"msg_box_text\">Przyszed\u0142 czas na zaj\u0119cia dodatkowe, kt&oacute;re bardzo lubimy. Zaj\u0119cia dodatkowe z ca\u0142\u0105 grup\u0105. Zaj\u0119cia w ma\u0142ych grupach, praca indywidualna z dzie\u0107mi, zaj\u0119cia wyr&oacute;wnawcze, gry i zabawy dowolne.<\/div><\/div><div class='cls_btn'><\/div><\/div>\n<div class='cws_msg_box info-box clearfix closable' style='background-color:#3eb2cf'><div class='icon_section'><i class='fa fa-diamond'  style='color:#3eb2cf'><\/i><\/div><div class='content_section'><div class=\"msg_box_title\">15:00 &ndash; 15:20 Ma\u0142e co nie co &ndash; czyli zdrowy podwieczorek.<\/div><div class=\"msg_box_text\">Przygotowanie do posi\u0142ku, spo\u017cywamy podwieczorek(najcz\u0119\u015bciej owoce) czynno\u015bci higieniczno &ndash; porz\u0105dkowe po posi\u0142ku<\/div><\/div><div class='cls_btn'><\/div><\/div>\n<div class='cws_msg_box info-box clearfix closable' style='background-color:#4bb723'><div class='icon_section'><i class='fa fa-sun-o'  style='color:#4bb723'><\/i><\/div><div class='content_section'><div class=\"msg_box_title\">15:20 &ndash; 16:30 A najbardziej lubimy si\u0119 bawi\u0107!<\/div><div class=\"msg_box_text\">Zabawy dowolne w sali lub na powietrzu. Rozmowy indywidualne z rodzicami rozchodzenie si\u0119 dzieci do domu.<\/div><\/div><div class='cls_btn'><\/div><\/div>\n<div class='cws_msg_box info-box clearfix closable' style='background-color:#ff4c7c'><div class='icon_section'><i class='fa fa-heart'  style='color:#ff4c7c'><\/i><\/div><div class='content_section'><div class=\"msg_box_title\">Do jutra, do mi\u0142ego zobaczenia.<\/div><\/div><div class='cls_btn'><\/div><\/div>\n<\/div><\/div><\/div><\/div>\n","protected":false},"excerpt":{"rendered":"","protected":false},"author":1,"featured_media":0,"parent":0,"menu_order":0,"comment_status":"closed","ping_status":"closed","template":"","meta":[],"_links":{"self":[{"href":"https:\/\/wesolesmyki.pl\/przedszkole-goleniow\/wp-json\/wp\/v2\/pages\/5164"}],"collection":[{"href":"https:\/\/wesolesmyki.pl\/przedszkole-goleniow\/wp-json\/wp\/v2\/pages"}],"about":[{"href":"https:\/\/wesolesmyki.pl\/przedszkole-goleniow\/wp-json\/wp\/v2\/types\/page"}],"author":[{"embeddable":true,"href":"https:\/\/wesolesmyki.pl\/przedszkole-goleniow\/wp-json\/wp\/v2\/users\/1"}],"replies":[{"embeddable":true,"href":"https:\/\/wesolesmyki.pl\/przedszkole-goleniow\/wp-json\/wp\/v2\/comments?post=5164"}],"version-history":[{"count":0,"href":"https:\/\/wesolesmyki.pl\/przedszkole-goleniow\/wp-json\/wp\/v2\/pages\/5164\/revisions"}],"wp:attachment":[{"href":"https:\/\/wesolesmyki.pl\/przedszkole-goleniow\/wp-json\/wp\/v2\/media?parent=5164"}],"curies":[{"name":"wp","href":"https:\/\/api.w.org\/{rel}","templated":true}]}}