{"id":5156,"date":"2017-03-14T13:20:30","date_gmt":"2017-03-14T13:20:30","guid":{"rendered":"https:\/\/wesolesmyki.pl\/przedszkole-goleniow\/\/?page_id=5156"},"modified":"2019-03-05T15:41:43","modified_gmt":"2019-03-05T15:41:43","slug":"zajecia-dodatkowo-platne","status":"publish","type":"page","link":"https:\/\/wesolesmyki.pl\/przedszkole-goleniow\/zajecia-dodatkowo-platne\/","title":{"rendered":"Zaj\u0119cia Dodatkowo P\u0142atne"},"content":{"rendered":"<div class='grid_row clearfix' style='padding-top: 50px;'><div class='grid_col grid_col_8'><div class='ce clearfix'><div>\n<h3 class=\"ce_title\" style=\"font-size: 50px; text-align: right;\">Glottodydaktyka (1x w tygodniu)<\/h3>\n<p style=\"text-align: right;\">Glottodydaktyka to nowa metoda przygotowuj\u0105ca dzieci do nauki czytania i pisania. Czas przygotowania do osi\u0105gni\u0119cia tych dw\u00f3ch umiej\u0119tno\u015bci jest wyd\u0142u\u017cony &#8211; zaczyna si\u0119 w przedszkolu ju\u017c w grupie najm\u0142odszej &#8211; 3-latk\u00f3w &#8211; po to, by czas opanowania przez dziecko pisania i czytania skr\u00f3ci\u0107 do minimum.<br \/>Metod\u0119 stworzy\u0142 i opracowa\u0142 profesor Bronis\u0142aw Roc\u0142awski. Stworzy\u0142 on sw\u00f3j alfabet z\u0142o\u017cony z 44 znak\u00f3w:<br \/>i y e a o u \u0119 \u0105 j \u0142 r l m n \u0144 f w s z \u015b \u017a sz \u017c ch c dz \u0107 d\u017a cz d\u017c p b t d k g ni rz si zi h ci dzi \u00f3<br \/>Wieloznaki s\u0105 uwa\u017cane za odr\u0119bne litery.<br \/>Aby pracowa\u0107 metod\u0105 glotto, dzieci zaopatrzone s\u0105 w specjalny zestaw pomocy. Podstawow\u0105 pomoc\u0105 w tym zestawie s\u0105 klocki logo. Jest to zestaw 150 klock\u00f3w umieszczonych w specjalnym pude\u0142ku. Na klockach s\u0105 wszystkie 44 litery, cyfry, znaki interpunkcyjne i matematyczne. Na dole ka\u017cdego klocka znajduje si\u0119 zielony pasek &#8211; potocznie przez dzieci i nauczycieli nazywany &#8222;trawk\u0105&#8221;. &#8222;Trawka&#8221; umo\u017cliwia dzieciom w\u0142a\u015bciwe ustawienie klocka, tak by litery nie by\u0142y u\u0142o\u017cone odwrotnie.<br \/>Glottodydaktyka pozwala inaczej spojrze\u0107 na nauczanie dzieci w wieku przedszkolnym.<br \/>Wszystkie zadania z glotto wp\u0142ywaj\u0105 na wszechstronny rozw\u00f3j dziecka.<br \/>Metoda ta umo\u017cliwia ponadto indywidualn\u0105 prac\u0119 z ka\u017cdym dzieckiem wg jego mo\u017cliwo\u015bci i umiej\u0119tno\u015bci.<br \/>Metod\u0119 wprowadza si\u0119 ju\u017c w pracy z 3-latkami i kontynuuje a\u017c do 6. roku \u017cycia dzieci. W tym czasie dziecko przygotowuje si\u0119 stopniowo do nauki czytania i pisania.<br \/>Roc\u0142awski nie &#8222;nakazuje&#8221; nauczycielom korzystania z okre\u015blonych podr\u0119cznik\u00f3w. W ten spos\u00f3b dzieci nie s\u0105 zmuszane do pracy na jednym poziomie.<br \/>Praca z grup\u0105 dzieci przebiega wielopoziomowo. Kolejne etapy nauki dziecko osi\u0105ga we w\u0142asnym tempie. W metodzie tej to nauczyciel pod\u0105\u017ca za dzieckiem, a nie odwrotnie.<\/p>\n<\/div><\/div><\/div><div class='grid_col grid_col_4'><div class='ce clearfix'><div>\n<p><a href=\"https:\/\/wesolesmyki.pl\/przedszkole-goleniow\/\/wp-content\/uploads\/2017\/03\/logorytm.jpg\"><img loading=\"lazy\" class=\"size-medium wp-image-5157 aligncenter\" src=\"https:\/\/wesolesmyki.pl\/przedszkole-goleniow\/\/wp-content\/uploads\/2017\/03\/logorytm-300x300.jpg\" alt=\"\" width=\"300\" height=\"300\" srcset=\"https:\/\/wesolesmyki.pl\/przedszkole-goleniow\/wp-content\/uploads\/2017\/03\/logorytm-300x300.jpg 300w, https:\/\/wesolesmyki.pl\/przedszkole-goleniow\/wp-content\/uploads\/2017\/03\/logorytm-150x150.jpg 150w, https:\/\/wesolesmyki.pl\/przedszkole-goleniow\/wp-content\/uploads\/2017\/03\/logorytm-1024x1024.jpg 1024w\" sizes=\"(max-width: 300px) 100vw, 300px\" \/><\/a><\/p>\n<\/div><\/div><\/div><\/div><div class='grid_row clearfix' style='padding-top: 50px;padding-bottom: 50px;'><div class='grid_col grid_col_12'><div class='ce clearfix'><div>\n<hr>\n<\/div><\/div><\/div><\/div><div data-wow-duration='2s' data-wow-offset='10' data-wow-iteration='1' class='grid_row clearfix wow fadeInUp' style='padding-top: 50px;'><div class='grid_col grid_col_4'><div class='ce clearfix'><div>\n<p><a href=\"https:\/\/wesolesmyki.pl\/przedszkole-goleniow\/\/wp-content\/uploads\/2015\/04\/en2.jpg\"><img loading=\"lazy\" class=\"size-medium wp-image-5232 aligncenter\" src=\"https:\/\/wesolesmyki.pl\/przedszkole-goleniow\/\/wp-content\/uploads\/2015\/04\/en2-300x300.jpg\" alt=\"\" width=\"300\" height=\"300\" srcset=\"https:\/\/wesolesmyki.pl\/przedszkole-goleniow\/wp-content\/uploads\/2015\/04\/en2-300x300.jpg 300w, https:\/\/wesolesmyki.pl\/przedszkole-goleniow\/wp-content\/uploads\/2015\/04\/en2-150x150.jpg 150w, https:\/\/wesolesmyki.pl\/przedszkole-goleniow\/wp-content\/uploads\/2015\/04\/en2-1024x1024.jpg 1024w\" sizes=\"(max-width: 300px) 100vw, 300px\" \/><\/a><\/p>\n<\/div><\/div><\/div><div class='grid_col grid_col_8'><div class='ce clearfix'><div>\n<h3 class=\"ce_title\" style=\"font-size: 50px;\">J\u0119zyk Angielski (codziennie)<\/h3>\n<p>Chcieliby\u015bmy, \u017ceby j\u0119zyk angielski dla naszych przedszkolak\u00f3w sta\u0142 si\u0119 naturaln\u0105 form\u0105 porozumiewania. B\u0119dziemy si\u0119 uczy\u0107 s\u0142\u00f3wek i zwrot\u00f3w niezb\u0119dnych w \u017cyciu codziennym. Poznamy kultur\u0119 i tradycje kraj\u00f3w angloj\u0119zycznych, bo przecie\u017c j\u0119zyk to ludzie i ich zwyczaje. Nauczymy si\u0119 piosenek i wyliczanek bo na ca\u0142ym \u015bwiecie dzieci bawi\u0105 si\u0119 tak samo. Lekcje angielskiego b\u0119d\u0105 zawsze zabaw\u0105. Dajmy naszym dzieciom s\u0142ucha\u0107, pozw\u00f3lmy im zachwyci\u0107 si\u0119 s\u0142owami w obcym j\u0119zyku! Bo dla nich to nie jest j\u0119zyk obcy- dla nich to kolejna podr\u00f3\u017c w nowe, interesuj\u0105ce i ciekawe miejsca. Zaj\u0119cia te odbywaj\u0105 si\u0119 codziennie (5 razy w tygodniu), dodatkowo dzieci maj\u0105 kontakt z j\u0119zykiem poprzez \u015bpiewanie piosenek, wyliczanki i recytowanie wierszyk\u00f3w oraz wtr\u0105canie s\u0142\u00f3w z j\u0119zyka angielskiego w r\u00f3\u017cnych sytuacjach w ci\u0105gu ca\u0142ego dnia w przedszkolu.<\/p>\n<\/div><\/div><\/div><\/div><div class='grid_row clearfix' style='padding-top: 50px;padding-bottom: 50px;'><div class='grid_col grid_col_12'><div class='ce clearfix'><div>\n<hr>\n<\/div><\/div><\/div><\/div><div class='grid_row clearfix' style='padding-top: 50px;'><div class='grid_col grid_col_8'><div class='ce clearfix'><div>\n<h3 class=\"ce_title\" style=\"font-size: 50px; text-align: right;\">Przedszkoliada (1x w tygodniu)<\/h3>\n<p style=\"text-align: right;\">\u201eNasz\u0105 misj\u0105 jest zapewnienie dzieciom rozrywki i edukacji ruchowej, tak wa\u017cnej w dzisiejszym m\u0142odym spo\u0142ecze\u0144stwie. Poprzez sieciowe mo\u017cliwo\u015bci i sp\u00f3jny program w ca\u0142ym kraju, obni\u017camy wiek dzieci, w kt\u00f3rym s\u0105 one rozwijane ruchowo. Rodzicom dzieci na ko\u0144cu przygody z PRZEDSZKOLIADA.PL, przekazujemy informacje, gdzie warto skierowa\u0107 dziecko, celem kontynuowania przygody ze sportem. Widz\u0105c u\u015bmiech dzieci podczas zaj\u0119\u0107 i imprez PRZEDSZKOLIADA.PL, upewniamy si\u0119, \u017ce warto.\u201d<br \/>Micha\u0142 Sieczko &#8211; Prezes SYSKO SportMarketing, w\u0142a\u015bciciela marki PRZEDSZKOLIADA.PL<\/p>\n<\/div><\/div><\/div><div class='grid_col grid_col_4'><div class='ce clearfix'><div>\n<p><img loading=\"lazy\" class=\"alignnone size-medium wp-image-5448 aligncenter\" src=\"..\/wp-content\/uploads\/2017\/03\/przedskoliada-jpg-300x300.jpg\" alt=\"\" width=\"300\" height=\"300\" srcset=\"https:\/\/wesolesmyki.pl\/przedszkole-goleniow\/wp-content\/uploads\/2017\/03\/przedskoliada-jpg-300x300.jpg 300w, https:\/\/wesolesmyki.pl\/przedszkole-goleniow\/wp-content\/uploads\/2017\/03\/przedskoliada-jpg-150x150.jpg 150w, https:\/\/wesolesmyki.pl\/przedszkole-goleniow\/wp-content\/uploads\/2017\/03\/przedskoliada-jpg-1024x1024.jpg 1024w\" sizes=\"(max-width: 300px) 100vw, 300px\" \/><\/p>\n<\/div><\/div><\/div><\/div><div class='grid_row clearfix' style='padding-top: 50px;padding-bottom: 50px;'><div class='grid_col grid_col_12'><div class='ce clearfix'><div>\n<hr>\n<\/div><\/div><\/div><\/div><div data-wow-duration='2s' data-wow-offset='10' data-wow-iteration='1' class='grid_row clearfix wow fadeInUp' style='padding-top: 50px;'><div class='grid_col grid_col_4'><div class='ce clearfix'><div>\n<p style=\"text-align: center;\"><img loading=\"lazy\" class=\"alignnone size-medium wp-image-5154\" src=\"https:\/\/wesolesmyki.pl\/przedszkole-goleniow\/wp-content\/uploads\/2017\/03\/inne2-300x300.jpg\" alt=\"\" width=\"300\" height=\"300\" srcset=\"https:\/\/wesolesmyki.pl\/przedszkole-goleniow\/wp-content\/uploads\/2017\/03\/inne2-300x300.jpg 300w, https:\/\/wesolesmyki.pl\/przedszkole-goleniow\/wp-content\/uploads\/2017\/03\/inne2-150x150.jpg 150w, https:\/\/wesolesmyki.pl\/przedszkole-goleniow\/wp-content\/uploads\/2017\/03\/inne2-1024x1024.jpg 1024w\" sizes=\"(max-width: 300px) 100vw, 300px\" \/><\/p>\n<\/div><\/div><\/div><div class='grid_col grid_col_8'><div class='ce clearfix'><div>\n<h3 class=\"ce_title\" style=\"font-size: 50px;\">Ta\u0144ce (1x w tygodniu)<\/h3>\n<p>Dzi\u0119ki tym zaj\u0119ciom Twoje dziecko wkroczy w magiczny \u015bwiat ta\u0144ca, dowie si\u0119, na czym polega rytm i pozna podstawowe kroki taneczne. Nie musisz martwi\u0107 si\u0119 o to, czy jest ju\u017c gotowe na udzia\u0142 w zaj\u0119ciach tanecznych. Zabawy z ta\u0144cem i muzyk\u0105 s\u0105 przystosowane do rozwoju psychomotorycznego 3-latk\u00f3w i pozwalaj\u0105 na rozwijanie ich umiej\u0119tno\u015bci ruchowych.<\/p>\n<\/div><\/div><\/div><\/div>\n","protected":false},"excerpt":{"rendered":"","protected":false},"author":1,"featured_media":0,"parent":0,"menu_order":0,"comment_status":"closed","ping_status":"closed","template":"","meta":[],"_links":{"self":[{"href":"https:\/\/wesolesmyki.pl\/przedszkole-goleniow\/wp-json\/wp\/v2\/pages\/5156"}],"collection":[{"href":"https:\/\/wesolesmyki.pl\/przedszkole-goleniow\/wp-json\/wp\/v2\/pages"}],"about":[{"href":"https:\/\/wesolesmyki.pl\/przedszkole-goleniow\/wp-json\/wp\/v2\/types\/page"}],"author":[{"embeddable":true,"href":"https:\/\/wesolesmyki.pl\/przedszkole-goleniow\/wp-json\/wp\/v2\/users\/1"}],"replies":[{"embeddable":true,"href":"https:\/\/wesolesmyki.pl\/przedszkole-goleniow\/wp-json\/wp\/v2\/comments?post=5156"}],"version-history":[{"count":0,"href":"https:\/\/wesolesmyki.pl\/przedszkole-goleniow\/wp-json\/wp\/v2\/pages\/5156\/revisions"}],"wp:attachment":[{"href":"https:\/\/wesolesmyki.pl\/przedszkole-goleniow\/wp-json\/wp\/v2\/media?parent=5156"}],"curies":[{"name":"wp","href":"https:\/\/api.w.org\/{rel}","templated":true}]}}