{"id":5114,"date":"2017-03-14T12:08:15","date_gmt":"2017-03-14T12:08:15","guid":{"rendered":"https:\/\/wesolesmyki.pl\/przedszkole-goleniow\/\/?page_id=5114"},"modified":"2017-03-14T12:08:15","modified_gmt":"2017-03-14T12:08:15","slug":"wyzywienia","status":"publish","type":"page","link":"https:\/\/wesolesmyki.pl\/przedszkole-goleniow\/wyzywienia\/","title":{"rendered":"Wy\u017cywienia"},"content":{"rendered":"<div class='grid_row clearfix'><div class='grid_col grid_col_4'><div class='ce clearfix'><div>\n<p><a href=\"https:\/\/wesolesmyki.pl\/przedszkole-goleniow\/\/wp-content\/uploads\/2015\/03\/obiad.jpg\"><img loading=\"lazy\" class=\"size-medium wp-image-5109 aligncenter\" src=\"https:\/\/wesolesmyki.pl\/przedszkole-goleniow\/\/wp-content\/uploads\/2015\/03\/obiad-300x300.jpg\" alt=\"\" width=\"300\" height=\"300\" srcset=\"https:\/\/wesolesmyki.pl\/przedszkole-goleniow\/wp-content\/uploads\/2015\/03\/obiad-300x300.jpg 300w, https:\/\/wesolesmyki.pl\/przedszkole-goleniow\/wp-content\/uploads\/2015\/03\/obiad-150x150.jpg 150w, https:\/\/wesolesmyki.pl\/przedszkole-goleniow\/wp-content\/uploads\/2015\/03\/obiad-1024x1024.jpg 1024w\" sizes=\"(max-width: 300px) 100vw, 300px\" \/><\/a><\/p>\n<\/div><\/div><\/div><div class='grid_col grid_col_8'><div class='ce clearfix'><div>\n<h3 class=\"ce_title\" style=\"font-size: 50px; text-align: left;\">Wy\u017cywienie<\/h3>\n<p>Oferujemy ca\u0142odzienne wy\u017cywienie dla Pa\u0144stwa dzieci, w formie cateringu ze sprawdzonego \u017ar\u00f3d\u0142a (szko\u0142a). Wy\u017cywienie obejmuje 4 posi\u0142ki:<\/p>\n<p>\u2013 \u015bniadanie<br \/>\u2013 zupa<br \/>\u2013 II danie<br \/>\u2013 podwieczorek<\/p>\n<p>Napoje s\u0105 dost\u0119pne dla dzieci w ci\u0105gu dnia ( do picia podajemy herbat\u0119, kakao, wod\u0119 mineraln\u0105 bez ogranicze\u0144 , soki warzywno-owocowe, owocowe 100%)<\/p>\n<p>Na terenie plac\u00f3wki zawsze znajduj\u0105 si\u0119 zdrowe przek\u0105ski (owoce, warzywa, chrupki kukurydziane).<\/p>\n<\/div><\/div><\/div><\/div>\n","protected":false},"excerpt":{"rendered":"","protected":false},"author":1,"featured_media":0,"parent":0,"menu_order":0,"comment_status":"closed","ping_status":"closed","template":"","meta":[],"_links":{"self":[{"href":"https:\/\/wesolesmyki.pl\/przedszkole-goleniow\/wp-json\/wp\/v2\/pages\/5114"}],"collection":[{"href":"https:\/\/wesolesmyki.pl\/przedszkole-goleniow\/wp-json\/wp\/v2\/pages"}],"about":[{"href":"https:\/\/wesolesmyki.pl\/przedszkole-goleniow\/wp-json\/wp\/v2\/types\/page"}],"author":[{"embeddable":true,"href":"https:\/\/wesolesmyki.pl\/przedszkole-goleniow\/wp-json\/wp\/v2\/users\/1"}],"replies":[{"embeddable":true,"href":"https:\/\/wesolesmyki.pl\/przedszkole-goleniow\/wp-json\/wp\/v2\/comments?post=5114"}],"version-history":[{"count":0,"href":"https:\/\/wesolesmyki.pl\/przedszkole-goleniow\/wp-json\/wp\/v2\/pages\/5114\/revisions"}],"wp:attachment":[{"href":"https:\/\/wesolesmyki.pl\/przedszkole-goleniow\/wp-json\/wp\/v2\/media?parent=5114"}],"curies":[{"name":"wp","href":"https:\/\/api.w.org\/{rel}","templated":true}]}}