{"id":5018,"date":"2017-03-14T01:15:28","date_gmt":"2017-03-14T01:15:28","guid":{"rendered":"https:\/\/wesolesmyki.pl\/przedszkole-goleniow\/\/?page_id=5018"},"modified":"2021-02-02T22:32:32","modified_gmt":"2021-02-02T22:32:32","slug":"kontakt","status":"publish","type":"page","link":"https:\/\/wesolesmyki.pl\/przedszkole-goleniow\/kontakt\/","title":{"rendered":"Kontakt"},"content":{"rendered":"<div class='grid_row clearfix' style='padding-top: 0px;padding-bottom: 0px;'><div class='grid_col grid_col_12'><div class='ce clearfix'><h3 class=\"ce_title\"><div>Jak Do Nas Trafi\u0107?<\/div><\/h3><div>\n<div id=\"flxmap-69e492be7ac70\" class='flxmap-container' data-flxmap='flxmap_69e492be7ac70' style=\"width:1170px;height:450px;\"><\/div>\n<div id='flxmap-69e492be7ac70-dir' class='flxmap-directions'><\/div>\n<script data-noptimize=\"1\">\n\/* <![CDATA[ *\/\n(function(w, fn) {\n if (w.addEventListener) w.addEventListener(\"DOMContentLoaded\", fn, false);\n else if (w.attachEvent) w.attachEvent(\"onload\", fn);\n})(window, function() {\n var f = new FlexibleMap();\n f.markerDirections = true;\n f.markerDirectionsDiv = \"flxmap-69e492be7ac70-dir\";\n f.setlocale(\"pl-PL\");\n f.markerTitle = \"Weso\u0142e Smyki\";\n f.markerDescription = \"Zawsze po drodze...\";\n f.showAddress(\"flxmap-69e492be7ac70\", \"Wojska Polskiego 10a Goleni\u00f3w Polska\");\n window.flxmap_69e492be7ac70 = f;\n});\n\/* ]]> *\/\n<\/script>\n\n<\/div><\/div><\/div><\/div><div class='grid_row clearfix'><div class='grid_col grid_col_6'><div class='ce clearfix'><h3 class=\"ce_title\"><div>Dane Kontaktowe<\/div><\/h3><div>\n<p style=\"text-align: left;\"><div class='cws_fa_tbl'><div class='cws_fa_tbl_row'><div class='cws_fa_tbl_cell size_1x'><div class='cws_fa_wrapper'><i class='cws_fa fa fa-1x fa-location-arrow'><\/i><span class='ring'><\/span><\/div><\/div><div class='cws_fa_tbl_cell'><h2 style=\"text-align: left;\">Adres:<\/h2><\/div><\/div><div class='cws_fa_tbl_row'><div class='cws_fa_tbl_cell'><\/div><div class='cws_fa_tbl_cell'>\n\n<p>ul. Wojska Polskiego 10A<\/p>\n<p>ul. Konstytucji 3 Maja 11<\/p>\n<p>72-100 Goleni\u00f3w<br \/><\/div><\/div><\/div><div class='cws_fa_tbl'><div class='cws_fa_tbl_row'><div class='cws_fa_tbl_cell size_1x'><div class='cws_fa_wrapper'><i class='cws_fa fa fa-1x fa-clock-o'><\/i><span class='ring'><\/span><\/div><\/div><div class='cws_fa_tbl_cell'><h2>Poniedzia\u0142ek &#8211;\u00a0Pi\u0105tek<\/h2><\/div><\/div><div class='cws_fa_tbl_row'><div class='cws_fa_tbl_cell'><\/div><div class='cws_fa_tbl_cell'>\n\n<p>6:30 &#8211; 17:00<\/p>\n<\/div><\/div><\/div>\n<\/div><\/div><\/div><div class='grid_col grid_col_6'><div class='ce clearfix'><div>\n<p style=\"text-align: left;\"><div class='cws_fa_tbl'><div class='cws_fa_tbl_row'><div class='cws_fa_tbl_cell size_1x'><div class='cws_fa_wrapper'><i class='cws_fa fa fa-1x fa-phone'><\/i><span class='ring'><\/span><\/div><\/div><div class='cws_fa_tbl_cell'><h2 style=\"text-align: left;\">Tel.:<\/h2><\/div><\/div><div class='cws_fa_tbl_row'><div class='cws_fa_tbl_cell'><\/div><div class='cws_fa_tbl_cell'>\n\n<p>Zapisy: <a href=\"tel:511500398\">511-500-398<\/a><\/p>\n<\/div><\/div><\/div>\n<div class='cws_fa_tbl'><div class='cws_fa_tbl_row'><div class='cws_fa_tbl_cell size_1x'><div class='cws_fa_wrapper'><i class='cws_fa fa fa-1x fa-envelope'><\/i><span class='ring'><\/span><\/div><\/div><div class='cws_fa_tbl_cell'><h2>E-mail:<\/h2><\/div><\/div><div class='cws_fa_tbl_row'><div class='cws_fa_tbl_cell'><\/div><div class='cws_fa_tbl_cell'>\n\n<p><a href=\"mailto:przedszkolegoleni&oacute;w@gmail.com\">przedszkolegoleniow@gmail.com<\/a><\/p>\n<p><a href=\"..\/..\/\"> www.wesolesmyki.pl<\/a><br \/><\/div><\/div><\/div>\n<\/div><\/div><div class='ce clearfix'><div>\n<p>Administratorem danych\u00a0 jest w\u0142a\u015bciciel marki Weso\u0142e Smyki. Dane s\u0105 przetwarzane w celu obs\u0142ugi korespondencji. Wi\u0119cej informacji na temat przetwarzania danych znajduje si\u0119w zak\u0142adce Polityka Prywatno\u015bci.<\/p>\n<\/div><\/div><\/div><\/div>\n","protected":false},"excerpt":{"rendered":"","protected":false},"author":1,"featured_media":0,"parent":0,"menu_order":0,"comment_status":"closed","ping_status":"closed","template":"","meta":[],"_links":{"self":[{"href":"https:\/\/wesolesmyki.pl\/przedszkole-goleniow\/wp-json\/wp\/v2\/pages\/5018"}],"collection":[{"href":"https:\/\/wesolesmyki.pl\/przedszkole-goleniow\/wp-json\/wp\/v2\/pages"}],"about":[{"href":"https:\/\/wesolesmyki.pl\/przedszkole-goleniow\/wp-json\/wp\/v2\/types\/page"}],"author":[{"embeddable":true,"href":"https:\/\/wesolesmyki.pl\/przedszkole-goleniow\/wp-json\/wp\/v2\/users\/1"}],"replies":[{"embeddable":true,"href":"https:\/\/wesolesmyki.pl\/przedszkole-goleniow\/wp-json\/wp\/v2\/comments?post=5018"}],"version-history":[{"count":0,"href":"https:\/\/wesolesmyki.pl\/przedszkole-goleniow\/wp-json\/wp\/v2\/pages\/5018\/revisions"}],"wp:attachment":[{"href":"https:\/\/wesolesmyki.pl\/przedszkole-goleniow\/wp-json\/wp\/v2\/media?parent=5018"}],"curies":[{"name":"wp","href":"https:\/\/api.w.org\/{rel}","templated":true}]}}