{"id":1996,"date":"2015-03-27T11:39:42","date_gmt":"2015-03-27T11:39:42","guid":{"rendered":"http:\/\/test.com\/?page_id=1996"},"modified":"2019-03-05T15:22:17","modified_gmt":"2019-03-05T15:22:17","slug":"oferta","status":"publish","type":"page","link":"https:\/\/wesolesmyki.pl\/przedszkole-goleniow\/oferta\/","title":{"rendered":"Godziny Otwarcia"},"content":{"rendered":"<div class='grid_row clearfix' style='padding-top: 50px;'><div class='grid_col grid_col_8'><div class='ce clearfix'><div>\n<h3 class=\"ce_title\" style=\"font-size: 50px; text-align: right;\">Godziny Otwarcia<\/h3>\n<p>&nbsp;<\/p>\n<p style=\"text-align: right;\">Przedszkole jest czynne od poniedzia\u0142ku do pi\u0105tku w godzinach 6:30-17:00.<br \/>Jeste\u015bmy nieczynni w dni ustawowo wolne od pracy i \u015bwi\u0119ta w tym 24 grudnia.<br \/>W wakacje obowi\u0105zuje 2 tygodniowa przerwa ,za kt&oacute;r\u0105 rodzice ponosz\u0105 pomniejszon\u0105 op\u0142at\u0119 abonamentow\u0105. O wszystkich dniach zamkni\u0119cia plac&oacute;wki rodzice s\u0105 informowaniu do ko\u0144ca wrze\u015bnia br.<\/p>\n<p>&nbsp;<\/p>\n<\/div><\/div><\/div><div class='grid_col grid_col_4'><div class='ce clearfix'><div>\n<p><a href=\"https:\/\/wesolesmyki.pl\/przedszkole-goleniow\/\/wp-content\/uploads\/2015\/03\/zegar.jpg\"><img loading=\"lazy\" class=\"size-medium wp-image-5103 aligncenter\" src=\"https:\/\/wesolesmyki.pl\/przedszkole-goleniow\/\/wp-content\/uploads\/2015\/03\/zegar-300x300.jpg\" alt=\"\" width=\"300\" height=\"300\" srcset=\"https:\/\/wesolesmyki.pl\/przedszkole-goleniow\/wp-content\/uploads\/2015\/03\/zegar-300x300.jpg 300w, https:\/\/wesolesmyki.pl\/przedszkole-goleniow\/wp-content\/uploads\/2015\/03\/zegar-150x150.jpg 150w, https:\/\/wesolesmyki.pl\/przedszkole-goleniow\/wp-content\/uploads\/2015\/03\/zegar-1024x1024.jpg 1024w\" sizes=\"(max-width: 300px) 100vw, 300px\" \/><\/a><\/p>\n<\/div><\/div><\/div><\/div>\n","protected":false},"excerpt":{"rendered":"","protected":false},"author":1,"featured_media":0,"parent":0,"menu_order":0,"comment_status":"closed","ping_status":"closed","template":"","meta":[],"_links":{"self":[{"href":"https:\/\/wesolesmyki.pl\/przedszkole-goleniow\/wp-json\/wp\/v2\/pages\/1996"}],"collection":[{"href":"https:\/\/wesolesmyki.pl\/przedszkole-goleniow\/wp-json\/wp\/v2\/pages"}],"about":[{"href":"https:\/\/wesolesmyki.pl\/przedszkole-goleniow\/wp-json\/wp\/v2\/types\/page"}],"author":[{"embeddable":true,"href":"https:\/\/wesolesmyki.pl\/przedszkole-goleniow\/wp-json\/wp\/v2\/users\/1"}],"replies":[{"embeddable":true,"href":"https:\/\/wesolesmyki.pl\/przedszkole-goleniow\/wp-json\/wp\/v2\/comments?post=1996"}],"version-history":[{"count":0,"href":"https:\/\/wesolesmyki.pl\/przedszkole-goleniow\/wp-json\/wp\/v2\/pages\/1996\/revisions"}],"wp:attachment":[{"href":"https:\/\/wesolesmyki.pl\/przedszkole-goleniow\/wp-json\/wp\/v2\/media?parent=1996"}],"curies":[{"name":"wp","href":"https:\/\/api.w.org\/{rel}","templated":true}]}}