{"id":1895,"date":"2015-03-20T13:31:44","date_gmt":"2015-03-20T13:31:44","guid":{"rendered":"http:\/\/test.com\/?page_id=1895"},"modified":"2017-03-15T15:21:34","modified_gmt":"2017-03-15T15:21:34","slug":"misja","status":"publish","type":"page","link":"https:\/\/wesolesmyki.pl\/przedszkole-goleniow\/misja\/","title":{"rendered":"Misja Przedszkola"},"content":{"rendered":"<div class='grid_row clearfix'><div class='grid_col grid_col_12'><div class='ce clearfix'><div><\/div><\/div><\/div><\/div><div class='grid_row clearfix'><div class='grid_col grid_col_3'><div class='ce clearfix'><div>\n<p style=\"text-align: center;\"><span class='cws_fa_wrapper'><i class='cws_fa fa fa-3x fa-flash'><\/i><span class='ring'><\/span><\/span>\n<p style=\"text-align: center;\">\u00a0Zapewnienie ka\u017cdemu dziecku wszechstronnego i bezpiecznego rozwoju zgodnego z jego indywidualnym temperamentem.<\/p>\n<\/div><\/div><\/div><div class='grid_col grid_col_3'><div class='ce clearfix'><div>\n<p style=\"text-align: center;\"><span class='cws_fa_wrapper'><i class='cws_fa fa fa-3x fa-trophy'><\/i><span class='ring'><\/span><\/span>\u00a0<\/p>\n<p style=\"text-align: center;\">Budowanie poczucia w\u0142asnej warto\u015bci u dziecka.<\/p>\n<\/div><\/div><\/div><div class='grid_col grid_col_3'><div class='ce clearfix'><div>\n<p style=\"text-align: center;\"><span class='cws_fa_wrapper'><i class='cws_fa fa fa-3x fa-star'><\/i><span class='ring'><\/span><\/span>\n<p style=\"text-align: center;\">Wykorzystywanie naturalnej potrzeby ruchu i eksplorowania otoczenia tak, aby dziecko \u017cy\u0142o w zgodzie z w\u0142asnym cia\u0142em i umys\u0142em, w harmonii z otaczaj\u0105cym go \u015bwiatem i przyrod\u0105.<\/p>\n<\/div><\/div><\/div><div class='grid_col grid_col_3'><div class='ce clearfix'><div>\n<p style=\"text-align: center;\"><span class='cws_fa_wrapper'><i class='cws_fa fa fa-3x fa-cogs'><\/i><span class='ring'><\/span><\/span>\n<p style=\"text-align: center;\">W atmosferze integracji uczenie szacunku, \u017cyczliwo\u015bci, rozumienia i akceptacji dla samego siebie oraz innych.<\/p>\n<\/div><\/div><\/div><\/div><div class='grid_row clearfix'><div class='grid_col grid_col_3'><div class='ce clearfix'><div>\n<p style=\"text-align: center;\"><span class='cws_fa_wrapper'><i class='cws_fa fa fa-3x fa-flask'><\/i><span class='ring'><\/span><\/span>\n<p style=\"text-align: center;\">Rodzice s\u0105 naszymi sprzymierze\u0144cami i sojusznikami w organizacji procesu wychowawczo \u2013 dydaktycznego. Chcemy by\u0107 wsp\u00f3\u0142partnerami d\u0105\u017c\u0105cymi do wsp\u00f3lnego celu, jakim jest dla nas dobro dziecka.<\/p>\n<\/div><\/div><\/div><div class='grid_col grid_col_3'><div class='ce clearfix'><div>\n<p style=\"text-align: center;\"><span class='cws_fa_wrapper'><i class='cws_fa fa fa-3x fa-magic'><\/i><span class='ring'><\/span><\/span>\n<p style=\"text-align: center;\">Wprowadzenie dziecka w \u015bwiat warto\u015bci uniwersalnych: pi\u0119kna, dobra i prawdy.<\/p>\n<\/div><\/div><\/div><div class='grid_col grid_col_3'><\/div><div class='grid_col grid_col_3'><\/div><\/div>\n","protected":false},"excerpt":{"rendered":"","protected":false},"author":1,"featured_media":0,"parent":0,"menu_order":0,"comment_status":"closed","ping_status":"closed","template":"","meta":[],"_links":{"self":[{"href":"https:\/\/wesolesmyki.pl\/przedszkole-goleniow\/wp-json\/wp\/v2\/pages\/1895"}],"collection":[{"href":"https:\/\/wesolesmyki.pl\/przedszkole-goleniow\/wp-json\/wp\/v2\/pages"}],"about":[{"href":"https:\/\/wesolesmyki.pl\/przedszkole-goleniow\/wp-json\/wp\/v2\/types\/page"}],"author":[{"embeddable":true,"href":"https:\/\/wesolesmyki.pl\/przedszkole-goleniow\/wp-json\/wp\/v2\/users\/1"}],"replies":[{"embeddable":true,"href":"https:\/\/wesolesmyki.pl\/przedszkole-goleniow\/wp-json\/wp\/v2\/comments?post=1895"}],"version-history":[{"count":0,"href":"https:\/\/wesolesmyki.pl\/przedszkole-goleniow\/wp-json\/wp\/v2\/pages\/1895\/revisions"}],"wp:attachment":[{"href":"https:\/\/wesolesmyki.pl\/przedszkole-goleniow\/wp-json\/wp\/v2\/media?parent=1895"}],"curies":[{"name":"wp","href":"https:\/\/api.w.org\/{rel}","templated":true}]}}